{"id":22253,"date":"2024-10-30T12:41:25","date_gmt":"2024-10-30T12:41:25","guid":{"rendered":"https:\/\/materials.imdea.org\/groups\/cem\/?page_id=22253"},"modified":"2024-11-08T16:06:41","modified_gmt":"2024-11-08T16:06:41","slug":"water-electrolysis-for-green-hydrogen-production","status":"publish","type":"page","link":"https:\/\/materials.imdea.org\/groups\/cem\/water-electrolysis-for-green-hydrogen-production\/","title":{"rendered":"Water Electrolysis for Green Hydrogen Production"},"content":{"rendered":"\t\t<div data-elementor-type=\"wp-page\" data-elementor-id=\"22253\" class=\"elementor elementor-22253\" data-elementor-post-type=\"page\">\n\t\t\t\t\t\t<section data-particle_enable=\"false\" data-particle-mobile-disabled=\"false\" class=\"elementor-section elementor-top-section elementor-element elementor-element-bdff16d elementor-section-boxed elementor-section-height-default elementor-section-height-default\" data-id=\"bdff16d\" data-element_type=\"section\" data-e-type=\"section\">\n\t\t\t\t\t\t<div class=\"elementor-container elementor-column-gap-default\">\n\t\t\t\t\t<div class=\"elementor-column elementor-col-100 elementor-top-column elementor-element elementor-element-cc46b5c\" data-id=\"cc46b5c\" data-element_type=\"column\" data-e-type=\"column\">\n\t\t\t<div class=\"elementor-widget-wrap elementor-element-populated\">\n\t\t\t\t\t\t<div class=\"elementor-element elementor-element-fa6c119 elementor-widget elementor-widget-heading\" data-id=\"fa6c119\" data-element_type=\"widget\" data-e-type=\"widget\" data-widget_type=\"heading.default\">\n\t\t\t\t<div class=\"elementor-widget-container\">\n\t\t\t\t\t<h2 class=\"elementor-heading-title elementor-size-default\">Water Electrolysis for Green Hydrogen Production<\/h2>\t\t\t\t<\/div>\n\t\t\t\t<\/div>\n\t\t\t\t\t<\/div>\n\t\t<\/div>\n\t\t\t\t\t<\/div>\n\t\t<\/section>\n\t\t\t\t<section data-particle_enable=\"false\" data-particle-mobile-disabled=\"false\" class=\"elementor-section elementor-top-section elementor-element elementor-element-f8823df elementor-section-boxed elementor-section-height-default elementor-section-height-default\" data-id=\"f8823df\" data-element_type=\"section\" data-e-type=\"section\">\n\t\t\t\t\t\t<div class=\"elementor-container elementor-column-gap-default\">\n\t\t\t\t\t<div class=\"elementor-column elementor-col-100 elementor-top-column elementor-element elementor-element-cc66319\" data-id=\"cc66319\" data-element_type=\"column\" data-e-type=\"column\">\n\t\t\t<div class=\"elementor-widget-wrap elementor-element-populated\">\n\t\t\t\t\t\t<div class=\"elementor-element elementor-element-3e9c331 elementor-widget elementor-widget-image\" data-id=\"3e9c331\" data-element_type=\"widget\" data-e-type=\"widget\" data-widget_type=\"image.default\">\n\t\t\t\t<div class=\"elementor-widget-container\">\n\t\t\t\t\t\t\t\t\t\t\t\t\t\t\t<img fetchpriority=\"high\" decoding=\"async\" width=\"1024\" height=\"455\" src=\"https:\/\/materials.imdea.org\/groups\/cem\/wp-content\/uploads\/Research-Image-Water-electrolysis-16x9-3.jpg\" class=\"attachment-large size-large wp-image-22257\" alt=\"\" srcset=\"https:\/\/materials.imdea.org\/groups\/cem\/wp-content\/uploads\/Research-Image-Water-electrolysis-16x9-3.jpg 1024w, https:\/\/materials.imdea.org\/groups\/cem\/wp-content\/uploads\/Research-Image-Water-electrolysis-16x9-3-300x133.jpg 300w, https:\/\/materials.imdea.org\/groups\/cem\/wp-content\/uploads\/Research-Image-Water-electrolysis-16x9-3-768x341.jpg 768w\" sizes=\"(max-width: 1024px) 100vw, 1024px\" \/>\t\t\t\t\t\t\t\t\t\t\t\t\t\t\t<\/div>\n\t\t\t\t<\/div>\n\t\t\t\t<div class=\"elementor-element elementor-element-d52c907 elementor-widget elementor-widget-text-editor\" data-id=\"d52c907\" data-element_type=\"widget\" data-e-type=\"widget\" data-widget_type=\"text-editor.default\">\n\t\t\t\t<div class=\"elementor-widget-container\">\n\t\t\t\t\t\t\t\t\t<p><strong>Selected Publications:<\/strong><\/p><ul><li><p>T\u00fcys\u00fcz, H. <span style=\"text-decoration: underline;\"><a href=\"https:\/\/doi.org\/10.1021\/acs.accounts.3c00709\"><i>Alkaline Water Electrolysis for Green Hydrogen Production<\/i><\/a><\/span>. <em>Acc. <\/em><em>Chem. Res. <\/em><strong>2024<\/strong><em>, 57, 558.<\/em><\/p><\/li><li><p>Kumar, A.; Gil-Sepulcre, M.; Fandr\u00e9, J. P.; R\u00fcdiger, O.; Kim, M. G.; DeBeer, S.; T\u00fcys\u00fcz, H. <span style=\"text-decoration: underline;\"><a href=\"https:\/\/doi.org\/10.1021\/jacs.4c08847\"><i>Regulating Local Coordination Sphere of Ir Single Atoms at the Atomic Interface for Efficient Oxygen Evolution Reaction<\/i><\/a><\/span>.\u00a0<em>J.<\/em><em> Am. Chem. Soc.<\/em> <strong>2024.<\/strong><\/p><\/li><li><p>Kumar, A.; Gil-Sepulcre, M.; Lee, J.; Bui, V. Q.; Wang, Y.; R\u00fcdiger, O.; Kim, M. G.; DeBeer, S.; T\u00fcys\u00fcz, H. <span style=\"text-decoration: underline;\"><a href=\"https:\/\/doi.org\/10.1002\/adma.202401648\"><i>Iridium Single-Atom-Ensembles Stabilized on Mn-Substituted Spinel Oxide for Durable Acidic Water Electrolysis<\/i><\/a><\/span>. <em>Adv. <\/em><em> Mater.<\/em> <strong>2024<\/strong>, 2401648.<\/p><\/li><\/ul>\t\t\t\t\t\t\t\t<\/div>\n\t\t\t\t<\/div>\n\t\t\t\t\t<\/div>\n\t\t<\/div>\n\t\t\t\t\t<\/div>\n\t\t<\/section>\n\t\t\t\t<\/div>\n\t\t","protected":false},"excerpt":{"rendered":"<p>Water Electrolysis for Green Hydrogen Production Selected Publications: T\u00fcys\u00fcz, H. Alkaline Water Electrolysis for Green Hydrogen Production. Acc. Chem. Res. 2024, 57, 558. Kumar, A.; Gil-Sepulcre, M.; Fandr\u00e9, J. P.; R\u00fcdiger, O.; Kim, M. G.; DeBeer, S.; T\u00fcys\u00fcz, H. Regulating Local Coordination Sphere of Ir Single Atoms at the Atomic Interface for Efficient Oxygen Evolution [&hellip;]<\/p>\n","protected":false},"author":9,"featured_media":0,"parent":0,"menu_order":0,"comment_status":"closed","ping_status":"closed","template":"","meta":{"_acf_changed":false,"_genesis_hide_title":false,"_genesis_hide_breadcrumbs":false,"_genesis_hide_singular_image":false,"_genesis_hide_footer_widgets":false,"_genesis_custom_body_class":"","_genesis_custom_post_class":"","_genesis_layout":"","footnotes":"","_links_to":"","_links_to_target":""},"class_list":{"0":"post-22253","1":"page","2":"type-page","3":"status-publish","5":"entry","6":"has-post-thumbnail"},"acf":[],"_links":{"self":[{"href":"https:\/\/materials.imdea.org\/groups\/cem\/wp-json\/wp\/v2\/pages\/22253","targetHints":{"allow":["GET"]}}],"collection":[{"href":"https:\/\/materials.imdea.org\/groups\/cem\/wp-json\/wp\/v2\/pages"}],"about":[{"href":"https:\/\/materials.imdea.org\/groups\/cem\/wp-json\/wp\/v2\/types\/page"}],"author":[{"embeddable":true,"href":"https:\/\/materials.imdea.org\/groups\/cem\/wp-json\/wp\/v2\/users\/9"}],"replies":[{"embeddable":true,"href":"https:\/\/materials.imdea.org\/groups\/cem\/wp-json\/wp\/v2\/comments?post=22253"}],"version-history":[{"count":13,"href":"https:\/\/materials.imdea.org\/groups\/cem\/wp-json\/wp\/v2\/pages\/22253\/revisions"}],"predecessor-version":[{"id":22511,"href":"https:\/\/materials.imdea.org\/groups\/cem\/wp-json\/wp\/v2\/pages\/22253\/revisions\/22511"}],"wp:attachment":[{"href":"https:\/\/materials.imdea.org\/groups\/cem\/wp-json\/wp\/v2\/media?parent=22253"}],"curies":[{"name":"wp","href":"https:\/\/api.w.org\/{rel}","templated":true}]}}