{"id":22267,"date":"2024-10-30T13:28:08","date_gmt":"2024-10-30T13:28:08","guid":{"rendered":"https:\/\/materials.imdea.org\/groups\/cem\/?page_id=22267"},"modified":"2024-11-08T16:07:52","modified_gmt":"2024-11-08T16:07:52","slug":"co2-fixation-to-prebiotic-and-value-added-chemicals","status":"publish","type":"page","link":"https:\/\/materials.imdea.org\/groups\/cem\/co2-fixation-to-prebiotic-and-value-added-chemicals\/","title":{"rendered":"CO2 Fixation to Prebiotic and Value-added Chemicals"},"content":{"rendered":"\t\t<div data-elementor-type=\"wp-page\" data-elementor-id=\"22267\" class=\"elementor elementor-22267\" data-elementor-post-type=\"page\">\n\t\t\t\t\t\t<section data-particle_enable=\"false\" data-particle-mobile-disabled=\"false\" class=\"elementor-section elementor-top-section elementor-element elementor-element-03585bd elementor-section-boxed elementor-section-height-default elementor-section-height-default\" data-id=\"03585bd\" data-element_type=\"section\" data-e-type=\"section\">\n\t\t\t\t\t\t<div class=\"elementor-container elementor-column-gap-default\">\n\t\t\t\t\t<div class=\"elementor-column elementor-col-100 elementor-top-column elementor-element elementor-element-ff6dc2d\" data-id=\"ff6dc2d\" data-element_type=\"column\" data-e-type=\"column\">\n\t\t\t<div class=\"elementor-widget-wrap elementor-element-populated\">\n\t\t\t\t\t\t<div class=\"elementor-element elementor-element-6344837 elementor-widget elementor-widget-heading\" data-id=\"6344837\" data-element_type=\"widget\" data-e-type=\"widget\" data-widget_type=\"heading.default\">\n\t\t\t\t<div class=\"elementor-widget-container\">\n\t\t\t\t\t<h2 class=\"elementor-heading-title elementor-size-default\">CO<sub>2<\/sub> Fixation to Prebiotic and Value-added Chemicals <\/h2>\t\t\t\t<\/div>\n\t\t\t\t<\/div>\n\t\t\t\t<div class=\"elementor-element elementor-element-2d0214b elementor-widget elementor-widget-image\" data-id=\"2d0214b\" data-element_type=\"widget\" data-e-type=\"widget\" data-widget_type=\"image.default\">\n\t\t\t\t<div class=\"elementor-widget-container\">\n\t\t\t\t\t\t\t\t\t\t\t\t\t\t\t<img fetchpriority=\"high\" decoding=\"async\" width=\"1024\" height=\"409\" src=\"https:\/\/materials.imdea.org\/groups\/cem\/wp-content\/uploads\/Research-Image-CO2-min-1-1024x409.png\" class=\"attachment-large size-large wp-image-22269\" alt=\"\" srcset=\"https:\/\/materials.imdea.org\/groups\/cem\/wp-content\/uploads\/Research-Image-CO2-min-1-1024x409.png 1024w, https:\/\/materials.imdea.org\/groups\/cem\/wp-content\/uploads\/Research-Image-CO2-min-1-300x120.png 300w, https:\/\/materials.imdea.org\/groups\/cem\/wp-content\/uploads\/Research-Image-CO2-min-1-768x307.png 768w, https:\/\/materials.imdea.org\/groups\/cem\/wp-content\/uploads\/Research-Image-CO2-min-1-1536x614.png 1536w, https:\/\/materials.imdea.org\/groups\/cem\/wp-content\/uploads\/Research-Image-CO2-min-1.png 1649w\" sizes=\"(max-width: 1024px) 100vw, 1024px\" \/>\t\t\t\t\t\t\t\t\t\t\t\t\t\t\t<\/div>\n\t\t\t\t<\/div>\n\t\t\t\t<div class=\"elementor-element elementor-element-49d50a9 elementor-widget elementor-widget-text-editor\" data-id=\"49d50a9\" data-element_type=\"widget\" data-e-type=\"widget\" data-widget_type=\"text-editor.default\">\n\t\t\t\t<div class=\"elementor-widget-container\">\n\t\t\t\t\t\t\t\t\t<p><strong>Selected Publications:<\/strong><\/p><ul><li><p>Song, Y.; Beyazay, T.; T\u00fcys\u00fcz, H. <span style=\"text-decoration: underline;\"><em><a href=\"https:\/\/doi.org\/10.1002\/ange.202316110\">Effect of Alkali- and Alkaline-Earth-Metal Promoters on Silica-Supported Co\u2013Fe Alloy for Autocatalytic CO<sub>2<\/sub> Fixation<\/a><\/em><\/span>. <em>Angew. Chem., Int. Ed.<\/em> <strong>2024<\/strong>, <em>63<\/em>, e202316110.<\/p><\/li><li><p>Beyazay, T.; Belthle, K. S.; Far\u00e8s, C.; Preiner, M.; Moran, J.; Martin, W. F.; T\u00fcys\u00fcz, H. <span style=\"text-decoration: underline;\"><em><a href=\"https:\/\/doi.org\/10.1038\/s41467-023-36088-w\">Ambient Temperature CO<sub>2<\/sub> Fixation to Pyruvate and Subsequently to Citramalate over Iron and Nickel Nanoparticles<\/a><\/em><\/span>. <em>Nat. Commun.<\/em> <strong>2023<\/strong>, <em>14<\/em>, 570.<\/p><\/li><li><p>Beyazay, T.; Martin, W. F.; T\u00fcys\u00fcz, H. <span style=\"text-decoration: underline;\"><em><a href=\"https:\/\/doi.org\/10.1021\/jacs.3c05412\">Direct Synthesis of Formamide from CO<sub>2<\/sub> and H<sub>2<\/sub>O with Nickel-Iron Nitride Heterostructures under Mild Hydrothermal Conditions.<\/a><\/em><\/span>\u00a0<em>J.<\/em> <em>Am. Chem. Soc.<\/em> <strong>2023<\/strong>, <em>145<\/em>, 19768.<\/p><\/li><\/ul>\t\t\t\t\t\t\t\t<\/div>\n\t\t\t\t<\/div>\n\t\t\t\t\t<\/div>\n\t\t<\/div>\n\t\t\t\t\t<\/div>\n\t\t<\/section>\n\t\t\t\t<\/div>\n\t\t","protected":false},"excerpt":{"rendered":"<p>CO2 Fixation to Prebiotic and Value-added Chemicals Selected Publications: Song, Y.; Beyazay, T.; T\u00fcys\u00fcz, H. Effect of Alkali- and Alkaline-Earth-Metal Promoters on Silica-Supported Co\u2013Fe Alloy for Autocatalytic CO2 Fixation. Angew. Chem., Int. Ed. 2024, 63, e202316110. Beyazay, T.; Belthle, K. S.; Far\u00e8s, C.; Preiner, M.; Moran, J.; Martin, W. F.; T\u00fcys\u00fcz, H. Ambient Temperature CO2 [&hellip;]<\/p>\n","protected":false},"author":9,"featured_media":0,"parent":0,"menu_order":0,"comment_status":"closed","ping_status":"closed","template":"","meta":{"_acf_changed":false,"_genesis_hide_title":false,"_genesis_hide_breadcrumbs":false,"_genesis_hide_singular_image":false,"_genesis_hide_footer_widgets":false,"_genesis_custom_body_class":"","_genesis_custom_post_class":"","_genesis_layout":"","footnotes":"","_links_to":"","_links_to_target":""},"class_list":{"0":"post-22267","1":"page","2":"type-page","3":"status-publish","5":"entry","6":"has-post-thumbnail"},"acf":[],"_links":{"self":[{"href":"https:\/\/materials.imdea.org\/groups\/cem\/wp-json\/wp\/v2\/pages\/22267","targetHints":{"allow":["GET"]}}],"collection":[{"href":"https:\/\/materials.imdea.org\/groups\/cem\/wp-json\/wp\/v2\/pages"}],"about":[{"href":"https:\/\/materials.imdea.org\/groups\/cem\/wp-json\/wp\/v2\/types\/page"}],"author":[{"embeddable":true,"href":"https:\/\/materials.imdea.org\/groups\/cem\/wp-json\/wp\/v2\/users\/9"}],"replies":[{"embeddable":true,"href":"https:\/\/materials.imdea.org\/groups\/cem\/wp-json\/wp\/v2\/comments?post=22267"}],"version-history":[{"count":10,"href":"https:\/\/materials.imdea.org\/groups\/cem\/wp-json\/wp\/v2\/pages\/22267\/revisions"}],"predecessor-version":[{"id":22514,"href":"https:\/\/materials.imdea.org\/groups\/cem\/wp-json\/wp\/v2\/pages\/22267\/revisions\/22514"}],"wp:attachment":[{"href":"https:\/\/materials.imdea.org\/groups\/cem\/wp-json\/wp\/v2\/media?parent=22267"}],"curies":[{"name":"wp","href":"https:\/\/api.w.org\/{rel}","templated":true}]}}