{"id":22280,"date":"2024-10-30T13:36:30","date_gmt":"2024-10-30T13:36:30","guid":{"rendered":"https:\/\/materials.imdea.org\/groups\/cem\/?page_id=22280"},"modified":"2024-11-08T16:09:11","modified_gmt":"2024-11-08T16:09:11","slug":"halide-perovskites-for-solar-energy-conversion","status":"publish","type":"page","link":"https:\/\/materials.imdea.org\/groups\/cem\/halide-perovskites-for-solar-energy-conversion\/","title":{"rendered":"Halide Perovskites for Solar Energy Conversion"},"content":{"rendered":"\t\t<div data-elementor-type=\"wp-page\" data-elementor-id=\"22280\" class=\"elementor elementor-22280\" data-elementor-post-type=\"page\">\n\t\t\t\t\t\t<section data-particle_enable=\"false\" data-particle-mobile-disabled=\"false\" class=\"elementor-section elementor-top-section elementor-element elementor-element-0765498 elementor-section-boxed elementor-section-height-default elementor-section-height-default\" data-id=\"0765498\" data-element_type=\"section\" data-e-type=\"section\">\n\t\t\t\t\t\t<div class=\"elementor-container elementor-column-gap-default\">\n\t\t\t\t\t<div class=\"elementor-column elementor-col-100 elementor-top-column elementor-element elementor-element-859ee23\" data-id=\"859ee23\" data-element_type=\"column\" data-e-type=\"column\">\n\t\t\t<div class=\"elementor-widget-wrap elementor-element-populated\">\n\t\t\t\t\t\t<div class=\"elementor-element elementor-element-c0f2a00 elementor-widget elementor-widget-heading\" data-id=\"c0f2a00\" data-element_type=\"widget\" data-e-type=\"widget\" data-widget_type=\"heading.default\">\n\t\t\t\t<div class=\"elementor-widget-container\">\n\t\t\t\t\t<h2 class=\"elementor-heading-title elementor-size-default\">Halide Perovskites for Solar Energy Conversion<\/h2>\t\t\t\t<\/div>\n\t\t\t\t<\/div>\n\t\t\t\t<div class=\"elementor-element elementor-element-de5eda9 elementor-widget elementor-widget-image\" data-id=\"de5eda9\" data-element_type=\"widget\" data-e-type=\"widget\" data-widget_type=\"image.default\">\n\t\t\t\t<div class=\"elementor-widget-container\">\n\t\t\t\t\t\t\t\t\t\t\t\t\t\t\t<img fetchpriority=\"high\" decoding=\"async\" width=\"1024\" height=\"455\" src=\"https:\/\/materials.imdea.org\/groups\/cem\/wp-content\/uploads\/Research-Image-Halide-Preovskite-min-Copy-1024x455.png\" class=\"attachment-large size-large wp-image-22282\" alt=\"\" srcset=\"https:\/\/materials.imdea.org\/groups\/cem\/wp-content\/uploads\/Research-Image-Halide-Preovskite-min-Copy-1024x455.png 1024w, https:\/\/materials.imdea.org\/groups\/cem\/wp-content\/uploads\/Research-Image-Halide-Preovskite-min-Copy-300x133.png 300w, https:\/\/materials.imdea.org\/groups\/cem\/wp-content\/uploads\/Research-Image-Halide-Preovskite-min-Copy-768x341.png 768w, https:\/\/materials.imdea.org\/groups\/cem\/wp-content\/uploads\/Research-Image-Halide-Preovskite-min-Copy.png 1325w\" sizes=\"(max-width: 1024px) 100vw, 1024px\" \/>\t\t\t\t\t\t\t\t\t\t\t\t\t\t\t<\/div>\n\t\t\t\t<\/div>\n\t\t\t\t<div class=\"elementor-element elementor-element-db6ed85 elementor-widget elementor-widget-text-editor\" data-id=\"db6ed85\" data-element_type=\"widget\" data-e-type=\"widget\" data-widget_type=\"text-editor.default\">\n\t\t\t\t<div class=\"elementor-widget-container\">\n\t\t\t\t\t\t\t\t\t<p><strong style=\"font-family: var( --e-global-typography-text-font-family ), Sans-serif; font-size: 2rem;\">Selected Publications:<\/strong><\/p><ul><li><p>Lee, J.; Kumar, A.; T\u00fcys\u00fcz, H. <span style=\"text-decoration: underline;\"><em><a href=\"https:\/\/doi.org\/10.1002\/anie.202404496\">Solar-Light-Driven Photocatalytic Oxidative Coupling of Phenol Derivatives over Bismuth-Based Porous Metal Halide Perovskites<\/a><\/em><\/span>. <em>Agnew.<\/em><em>\u00a0Chem., Int. Ed<\/em>. <strong>2024<\/strong>, <em>63<\/em>, e202404496.<\/p><\/li><li><p>Dai, Y.; Poidevin, C.; Ochoa-Hern\u00e1ndez, C.; Auer, A. A.; T\u00fcys\u00fcz, H. <span style=\"text-decoration: underline;\"><em><a href=\"https:\/\/doi.org\/10.1002\/anie.201915034\">A Supported Bismuth Halide Perovskite Photocatalyst for Selective Aliphatic and Aromatic C\u2013H Bond Activation<\/a><\/em><\/span>. <em>Agnew.<\/em><em>\u00a0Chem., Int. Ed.<\/em> <strong>2020<\/strong>, <em>59<\/em>, 5788.<\/p><\/li><li><p>Chen, K.; Deng, X.; Dodekatos, G.; T\u00fcys\u00fcz, H.<span style=\"text-decoration: underline;\"><em> <a href=\"https:\/\/doi.org\/10.1021\/jacs.7b06413\">Photocatalytic Polymerization of 3, 4-Ethylenedioxythiophene over Cesium Lead Iodide Perovskite Quantum Dots<\/a><\/em><\/span>.<em> J. Am. Chem. Soc.<\/em> <strong>2017<\/strong>, <em>139<\/em>, 12267.<\/p><\/li><\/ul>\t\t\t\t\t\t\t\t<\/div>\n\t\t\t\t<\/div>\n\t\t\t\t\t<\/div>\n\t\t<\/div>\n\t\t\t\t\t<\/div>\n\t\t<\/section>\n\t\t\t\t<\/div>\n\t\t","protected":false},"excerpt":{"rendered":"<p>Halide Perovskites for Solar Energy Conversion Selected Publications: Lee, J.; Kumar, A.; T\u00fcys\u00fcz, H. Solar-Light-Driven Photocatalytic Oxidative Coupling of Phenol Derivatives over Bismuth-Based Porous Metal Halide Perovskites. Agnew.\u00a0Chem., Int. Ed. 2024, 63, e202404496. Dai, Y.; Poidevin, C.; Ochoa-Hern\u00e1ndez, C.; Auer, A. A.; T\u00fcys\u00fcz, H. A Supported Bismuth Halide Perovskite Photocatalyst for Selective Aliphatic and Aromatic [&hellip;]<\/p>\n","protected":false},"author":9,"featured_media":0,"parent":0,"menu_order":0,"comment_status":"closed","ping_status":"closed","template":"","meta":{"_acf_changed":false,"_genesis_hide_title":false,"_genesis_hide_breadcrumbs":false,"_genesis_hide_singular_image":false,"_genesis_hide_footer_widgets":false,"_genesis_custom_body_class":"","_genesis_custom_post_class":"","_genesis_layout":"","footnotes":"","_links_to":"","_links_to_target":""},"class_list":{"0":"post-22280","1":"page","2":"type-page","3":"status-publish","5":"entry","6":"has-post-thumbnail"},"acf":[],"_links":{"self":[{"href":"https:\/\/materials.imdea.org\/groups\/cem\/wp-json\/wp\/v2\/pages\/22280","targetHints":{"allow":["GET"]}}],"collection":[{"href":"https:\/\/materials.imdea.org\/groups\/cem\/wp-json\/wp\/v2\/pages"}],"about":[{"href":"https:\/\/materials.imdea.org\/groups\/cem\/wp-json\/wp\/v2\/types\/page"}],"author":[{"embeddable":true,"href":"https:\/\/materials.imdea.org\/groups\/cem\/wp-json\/wp\/v2\/users\/9"}],"replies":[{"embeddable":true,"href":"https:\/\/materials.imdea.org\/groups\/cem\/wp-json\/wp\/v2\/comments?post=22280"}],"version-history":[{"count":13,"href":"https:\/\/materials.imdea.org\/groups\/cem\/wp-json\/wp\/v2\/pages\/22280\/revisions"}],"predecessor-version":[{"id":22517,"href":"https:\/\/materials.imdea.org\/groups\/cem\/wp-json\/wp\/v2\/pages\/22280\/revisions\/22517"}],"wp:attachment":[{"href":"https:\/\/materials.imdea.org\/groups\/cem\/wp-json\/wp\/v2\/media?parent=22280"}],"curies":[{"name":"wp","href":"https:\/\/api.w.org\/{rel}","templated":true}]}}